{"id":2258,"date":"2017-07-13T15:53:07","date_gmt":"2017-07-13T13:53:07","guid":{"rendered":"https:\/\/schwarzhorn.com\/en\/hotelinfo-buchung\/"},"modified":"2023-11-13T09:18:40","modified_gmt":"2023-11-13T08:18:40","slug":"general-info-hotel","status":"publish","type":"page","link":"https:\/\/schwarzhorn.com\/en\/prices-offers-hotel-schwarzhorn\/general-info-hotel\/","title":{"rendered":"Terms and conditions"},"content":{"rendered":"<div id=\"gt-res-content\">\n<ul>\n<li id=\"gt-res-dir-ctr\" class=\"trans-verified-button-small\" dir=\"ltr\"><span id=\"result_box\" class=\"\" lang=\"en\"><span title=\"Anreise: Am Tag der Anreise steht Ihnen das Zimmer ab 15 Uhr zur Verf\u00fcgung.\"><strong>Arrival<\/strong>: The room is available from 3 pm on the day of arrival. <\/span><span title=\"Bitte lassen Sie uns wissen, wenn Sie nach 19 Uhr ankommen. \u00a0\u00a0\u00a0\u00a0\">Please let us know if you arrive after 7pm.<\/span><\/span><\/li>\n<li class=\"trans-verified-button-small\" dir=\"ltr\"><span id=\"result_box\" class=\"\" lang=\"en\"><span title=\"Abreise: Am Tag der Abreise bitten wir Sie, das Zimmer bis 10 Uhr freizugeben. \u00a0\u00a0\u00a0\u00a0\"><strong>Departure<\/strong>: On the day of departure, please vacate the room by 10 am.<\/span><\/span><\/li>\n<li class=\"trans-verified-button-small\" dir=\"ltr\"><span id=\"result_box\" class=\"\" lang=\"en\"><span title=\"Akzeptierte Zahlungsmittel: Barzahlung (bis 2.999 \u20ac), Bankomat-Zahlung, Kreditkarten (mit Ausnahme von Diners Club und American Express) \u00a0\u00a0\u00a0\u00a0\"><strong>Accepted payment methods<\/strong>: cash (up to 2.999 \u20ac), debit and credit cards (except Diners Club and American Express)<\/span><\/span><\/li>\n<li class=\"trans-verified-button-small\" dir=\"ltr\"><span id=\"result_box\" class=\"\" lang=\"en\"><span title=\"Einzelzimmerzuschlag: 20% \u00a0\u00a0\u00a0\u00a0\"><strong>Single room supplement<\/strong>: +20,00\u20ac\/night<\/span><\/span><\/li>\n<li class=\"trans-verified-button-small\" dir=\"ltr\"><span id=\"result_box\" class=\"\" lang=\"en\"><span title=\"Einzelnutzung des Doppelzimmers: 40% \u00a0\u00a0\u00a0\u00a0\"><strong>Single use<\/strong> of the double room: +30,00\u20ac\/night<\/span><\/span><\/li>\n<li class=\"trans-verified-button-small\" dir=\"ltr\"><span id=\"result_box\" class=\"\" lang=\"en\"><span title=\"Haustiere: Tiere d\u00fcrfen nur nach vorheriger Zustimmung der Hotelleitung mitgebracht werden.\"><strong>Pets<\/strong>: Pets are allowed only with the prior consent of the hotel management. <\/span><span title=\"Kosten: 8 \u20ac\/Tag (ohne Futter).\">Costs: 10 \u20ac \/ day (without food). <\/span><span title=\"Hunde sind nur im Sommer und nur im Dolomiten-Zimmer gestattet.\">Dogs are allowed only in the summer and only in the &#8220;Dolomites&#8221; room. <\/span><span title=\"Tiere haben keinen Zutritt zum Speisesaal. \u00a0\u00a0\u00a0\u00a0\">Animals do not have access to the dining room.<\/span><\/span><\/li>\n<li class=\"trans-verified-button-small\" dir=\"ltr\"><span id=\"result_box\" class=\"\" lang=\"en\"><span title=\"Die Zimmerreservierung ist erst mit der \u00dcberweisung der Anzahlung (30% des Buchungswertes) g\u00fcltig. \u00a0\u00a0\u00a0\u00a0\">The room reservation is only valid with the transfer of the <strong>deposit<\/strong> (30% of the booking value).<\/span><\/span><\/li>\n<li class=\"trans-verified-button-small\" dir=\"ltr\"><span id=\"result_box\" class=\"\" lang=\"en\"><span title=\"Storno: Es steht kein R\u00fccktrittsrecht im Sinne des italienischen Konsumentenschutzkodexes zu.\"><strong>Cancellation<\/strong>: There is no right of withdrawal as defined by the Italian consumer protection code.<\/span> <span title=\"Wir r\u00e4umen Ihnen ein R\u00fccktrittsrecht zu folgenden Stornobedingungen im Sinne des Art. 1382 ZGB ein: \u00a0\u00a0\u00a0\u00a0\u00a0\u00a0\u00a0\u00a0\">We grant you a right of withdrawal according to the following cancellation conditions as per Art. 1382 of the Civil Code:<\/span><\/span>\n<ul>\n<li class=\"trans-verified-button-small\" dir=\"ltr\">Cancellation until 60 days before arrival: free of charge<\/li>\n<li class=\"trans-verified-button-small\" dir=\"ltr\">Cancellation from 2 months to 15 days before arrival: 30% cancellation fee on the total amount of your stay<\/li>\n<li class=\"trans-verified-button-small\" dir=\"ltr\">Cancellation from 14 to 3 days before arrival: 70% cancellation fee on the total amount of your stay<\/li>\n<li class=\"trans-verified-button-small\" dir=\"ltr\">Cancellation from 2 days before arrival, late arrival or early departure: 100% of the total amount of your stay<\/li>\n<\/ul>\n<\/li>\n<li><span id=\"result_box\" class=\"\" lang=\"en\"><span title=\"Wir empfehlen den Abschluss einer Reiser\u00fccktrittsversicherung. \u00a0\u00a0\u00a0\u00a0\">We recommend the conclusion of a <strong>travel insurance<\/strong>.<\/span><\/span><\/li>\n<li><span id=\"result_box\" class=\"\" lang=\"en\"><span title=\"Bankkoordinaten: \u00a0\u00a0\u00a0\u00a0\u00a0\u00a0\u00a0\u00a0\"><strong>Bank coordinates:<\/strong><\/span><\/span>\n<ul>\n<li><span id=\"result_box\" class=\"\" lang=\"en\"><span title=\"S\u00fcdtiroler Sparkasse, Filiale Auer, Hauptplatz 2, I-39040 Auer (BZ) \u00a0\u00a0\u00a0\u00a0\u00a0\u00a0\u00a0\u00a0\">South Tyrolean Sparkasse, Branch Auer, Hauptplatz 2, I-39040 Auer (BZ)<\/span><\/span><\/li>\n<li><span id=\"result_box\" class=\"\" lang=\"en\"><span title=\"IBAN: IT56F 06045 5867 0000000078600 \u00a0\u00a0\u00a0\u00a0\u00a0\u00a0\u00a0\u00a0\">IBAN: IT56F 06045 5867 0000000078600<\/span><\/span><\/li>\n<li><span id=\"result_box\" class=\"\" lang=\"en\"><span title=\"BIC: CRBZIT2B019 \u00a0\u00a0\u00a0\u00a0\">BIC: CRBZIT2B019<\/span><\/span><\/li>\n<\/ul>\n<\/li>\n<li><span id=\"result_box\" class=\"\" lang=\"en\"><span title=\"Bitte nicht rauchen: Aus Sicherheitsgr\u00fcnden ist im gesamten Haus Rauchverbot.\"><strong>Please do not smoke:<\/strong> For security reasons, smoking is prohibited throughout the house. <\/span><span title=\"Wir bitten unsere G\u00e4ste, nur im Freien oder im daf\u00fcr vorgesehen Lokal beim Bareingang zu rauchen und die bereitstehenden Aschenbecher zu ben\u00fctzen.\">We ask our guests to smoke only in the open air or in the designated restaurant at the bare entrance and use the ashtrays provided.<\/span><\/span><\/li>\n<\/ul>\n<\/div>\n","protected":false},"excerpt":{"rendered":"<p>Arrival: The room is available from 3 pm on the day of arrival. Please let us know if you arrive after 7pm. Departure: On the day of departure, please vacate [&hellip;]<\/p>\n","protected":false},"author":6,"featured_media":1534,"parent":979,"menu_order":0,"comment_status":"closed","ping_status":"closed","template":"template-seiten-menu.php","meta":{"_acf_changed":false,"footnotes":""},"class_list":["post-2258","page","type-page","status-publish","has-post-thumbnail","hentry"],"acf":[],"yoast_head":"<!-- This site is optimized with the Yoast SEO plugin v26.5 - https:\/\/yoast.com\/wordpress\/plugins\/seo\/ -->\n<title>General Info and Conditions for your stay in the dolomites<\/title>\n<meta name=\"description\" content=\"Holidays in South Tyrol in the dolomites. vacation for youth groups, schools and praparation at 2000 meters for athete. General info of your stay.\" \/>\n<meta name=\"robots\" content=\"index, follow, max-snippet:-1, max-image-preview:large, max-video-preview:-1\" \/>\n<link rel=\"canonical\" href=\"https:\/\/schwarzhorn.com\/en\/prices-offers-hotel-schwarzhorn\/general-info-hotel\/\" \/>\n<meta property=\"og:locale\" content=\"en_US\" \/>\n<meta property=\"og:type\" content=\"article\" \/>\n<meta property=\"og:title\" content=\"General Info and Conditions for your stay in the dolomites\" \/>\n<meta property=\"og:description\" content=\"Holidays in South Tyrol in the dolomites. vacation for youth groups, schools and praparation at 2000 meters for athete. General info of your stay.\" \/>\n<meta property=\"og:url\" content=\"https:\/\/schwarzhorn.com\/en\/prices-offers-hotel-schwarzhorn\/general-info-hotel\/\" \/>\n<meta property=\"og:site_name\" content=\"Hotel Schwarzhorn\" \/>\n<meta property=\"article:modified_time\" content=\"2023-11-13T08:18:40+00:00\" \/>\n<meta property=\"og:image\" content=\"https:\/\/i0.wp.com\/schwarzhorn.com\/wp-content\/uploads\/sites\/2\/2017\/06\/Luftbild-Wei\u00dfhorn-Gipfel.jpg?fit=2079%2C1169&ssl=1\" \/>\n\t<meta property=\"og:image:width\" content=\"2079\" \/>\n\t<meta property=\"og:image:height\" content=\"1169\" \/>\n\t<meta property=\"og:image:type\" content=\"image\/jpeg\" \/>\n<meta name=\"twitter:card\" content=\"summary_large_image\" \/>\n<meta name=\"twitter:label1\" content=\"Est. reading time\" \/>\n\t<meta name=\"twitter:data1\" content=\"1 minute\" \/>\n<!-- \/ Yoast SEO plugin. -->","yoast_head_json":{"title":"General Info and Conditions for your stay in the dolomites","description":"Holidays in South Tyrol in the dolomites. vacation for youth groups, schools and praparation at 2000 meters for athete. General info of your stay.","robots":{"index":"index","follow":"follow","max-snippet":"max-snippet:-1","max-image-preview":"max-image-preview:large","max-video-preview":"max-video-preview:-1"},"canonical":"https:\/\/schwarzhorn.com\/en\/prices-offers-hotel-schwarzhorn\/general-info-hotel\/","og_locale":"en_US","og_type":"article","og_title":"General Info and Conditions for your stay in the dolomites","og_description":"Holidays in South Tyrol in the dolomites. vacation for youth groups, schools and praparation at 2000 meters for athete. General info of your stay.","og_url":"https:\/\/schwarzhorn.com\/en\/prices-offers-hotel-schwarzhorn\/general-info-hotel\/","og_site_name":"Hotel Schwarzhorn","article_modified_time":"2023-11-13T08:18:40+00:00","og_image":[{"width":2079,"height":1169,"url":"https:\/\/i0.wp.com\/schwarzhorn.com\/wp-content\/uploads\/sites\/2\/2017\/06\/Luftbild-Wei\u00dfhorn-Gipfel.jpg?fit=2079%2C1169&ssl=1","type":"image\/jpeg"}],"twitter_card":"summary_large_image","twitter_misc":{"Est. reading time":"1 minute"},"schema":{"@context":"https:\/\/schema.org","@graph":[{"@type":"WebPage","@id":"https:\/\/schwarzhorn.com\/en\/prices-offers-hotel-schwarzhorn\/general-info-hotel\/","url":"https:\/\/schwarzhorn.com\/en\/prices-offers-hotel-schwarzhorn\/general-info-hotel\/","name":"General Info and Conditions for your stay in the dolomites","isPartOf":{"@id":"https:\/\/schwarzhorn.com\/en\/#website"},"primaryImageOfPage":{"@id":"https:\/\/schwarzhorn.com\/en\/prices-offers-hotel-schwarzhorn\/general-info-hotel\/#primaryimage"},"image":{"@id":"https:\/\/schwarzhorn.com\/en\/prices-offers-hotel-schwarzhorn\/general-info-hotel\/#primaryimage"},"thumbnailUrl":"https:\/\/i0.wp.com\/schwarzhorn.com\/wp-content\/uploads\/sites\/2\/2017\/06\/Luftbild-Wei%C3%9Fhorn-Gipfel.jpg?fit=2079%2C1169&ssl=1","datePublished":"2017-07-13T13:53:07+00:00","dateModified":"2023-11-13T08:18:40+00:00","description":"Holidays in South Tyrol in the dolomites. vacation for youth groups, schools and praparation at 2000 meters for athete. General info of your stay.","breadcrumb":{"@id":"https:\/\/schwarzhorn.com\/en\/prices-offers-hotel-schwarzhorn\/general-info-hotel\/#breadcrumb"},"inLanguage":"en-US","potentialAction":[{"@type":"ReadAction","target":["https:\/\/schwarzhorn.com\/en\/prices-offers-hotel-schwarzhorn\/general-info-hotel\/"]}]},{"@type":"ImageObject","inLanguage":"en-US","@id":"https:\/\/schwarzhorn.com\/en\/prices-offers-hotel-schwarzhorn\/general-info-hotel\/#primaryimage","url":"https:\/\/i0.wp.com\/schwarzhorn.com\/wp-content\/uploads\/sites\/2\/2017\/06\/Luftbild-Wei%C3%9Fhorn-Gipfel.jpg?fit=2079%2C1169&ssl=1","contentUrl":"https:\/\/i0.wp.com\/schwarzhorn.com\/wp-content\/uploads\/sites\/2\/2017\/06\/Luftbild-Wei%C3%9Fhorn-Gipfel.jpg?fit=2079%2C1169&ssl=1","width":2079,"height":1169},{"@type":"BreadcrumbList","@id":"https:\/\/schwarzhorn.com\/en\/prices-offers-hotel-schwarzhorn\/general-info-hotel\/#breadcrumb","itemListElement":[{"@type":"ListItem","position":1,"name":"Startseite","item":"https:\/\/schwarzhorn.com\/en\/"},{"@type":"ListItem","position":2,"name":"Rates &#038; Special offers","item":"https:\/\/schwarzhorn.com\/en\/prices-offers-hotel-schwarzhorn\/"},{"@type":"ListItem","position":3,"name":"Terms and conditions"}]},{"@type":"WebSite","@id":"https:\/\/schwarzhorn.com\/en\/#website","url":"https:\/\/schwarzhorn.com\/en\/","name":"Hotel Schwarzhorn","description":"","potentialAction":[{"@type":"SearchAction","target":{"@type":"EntryPoint","urlTemplate":"https:\/\/schwarzhorn.com\/en\/?s={search_term_string}"},"query-input":{"@type":"PropertyValueSpecification","valueRequired":true,"valueName":"search_term_string"}}],"inLanguage":"en-US"}]}},"jetpack_sharing_enabled":true,"_links":{"self":[{"href":"https:\/\/schwarzhorn.com\/en\/wp-json\/wp\/v2\/pages\/2258","targetHints":{"allow":["GET"]}}],"collection":[{"href":"https:\/\/schwarzhorn.com\/en\/wp-json\/wp\/v2\/pages"}],"about":[{"href":"https:\/\/schwarzhorn.com\/en\/wp-json\/wp\/v2\/types\/page"}],"author":[{"embeddable":true,"href":"https:\/\/schwarzhorn.com\/en\/wp-json\/wp\/v2\/users\/6"}],"replies":[{"embeddable":true,"href":"https:\/\/schwarzhorn.com\/en\/wp-json\/wp\/v2\/comments?post=2258"}],"version-history":[{"count":10,"href":"https:\/\/schwarzhorn.com\/en\/wp-json\/wp\/v2\/pages\/2258\/revisions"}],"predecessor-version":[{"id":3302,"href":"https:\/\/schwarzhorn.com\/en\/wp-json\/wp\/v2\/pages\/2258\/revisions\/3302"}],"up":[{"embeddable":true,"href":"https:\/\/schwarzhorn.com\/en\/wp-json\/wp\/v2\/pages\/979"}],"wp:featuredmedia":[{"embeddable":true,"href":"https:\/\/schwarzhorn.com\/en\/wp-json\/wp\/v2\/media\/1534"}],"wp:attachment":[{"href":"https:\/\/schwarzhorn.com\/en\/wp-json\/wp\/v2\/media?parent=2258"}],"curies":[{"name":"wp","href":"https:\/\/api.w.org\/{rel}","templated":true}]}}