{"id":2174,"date":"2017-07-13T17:35:48","date_gmt":"2017-07-13T15:35:48","guid":{"rendered":"https:\/\/schwarzhorn.com\/it\/inklusivleistungen-hotel-jochgrimm\/"},"modified":"2025-02-07T08:16:14","modified_gmt":"2025-02-07T07:16:14","slug":"servizi-compresi-hotel-passo-oclini","status":"publish","type":"page","link":"https:\/\/schwarzhorn.com\/it\/prezzi-offerta-hotel-corno-nero\/servizi-compresi-hotel-passo-oclini\/","title":{"rendered":"Servizi compresi"},"content":{"rendered":"<ul>\n<li style=\"list-style-type: none;\">\n<li>terrazza con sedie a sdraio per rilassarsi<\/li>\n<li>parcogiochi di fronte all&#8217;albergo<\/li>\n<li>cartina escursionistica con varie proposte di gite<\/li>\n<li>utilizzo della piccola zona sauna (sauna finnlandese, bagno turco e cabina a raggi infrarossi)<\/li>\n<li>ampio buffet di colazione<\/li>\n<li>buffet di insalata per cena<\/li>\n<li>piccola biblioteca<\/li>\n<li>ping-pong e calcetto<\/li>\n<li>accesso internet gratuito (a causa della banda ridotta in montagna e il numero alto di utenti la connessione pu\u00f2 subire malfunzionamenti)<\/li>\n<li>S\u00fcdtirolsS\u00fcdenCard- NOVIT\u00c0 dal 1.1.2025:<br \/>\nla Card con diversi vantaggi nella vicinanza (per esempio entrata gratuita al GEOPARC Bletterbach) vi consente di circolare senza limitazioni con tutti i mezzi pubblici dell\u2019Alto Adige. Ulteriori informazioni <a href=\"https:\/\/www.bolzanodintorni.info\/it\/servizi-info\/info\/guest-card.html\" target=\"_blank\" rel=\"noopener\"> <strong>qui<\/strong><\/a><\/li>\n<li>vacanza a 2.000 metri in mezza alla natura<\/li>\n<\/ul>\n<p>estate<\/p>\n<ul>\n<li>deposito per le biciclette<\/li>\n<li>vari percorsi da corsa con diversi livelli di difficolt\u00e0 partendo dall&#8217;albergo<\/li>\n<li>campo da calcio, basket e pallavolo di fronte all&#8217;albergo<\/li>\n<li>una gita guidata a settimana (APT Aldino-Redagno-Passo Oclini)<\/li>\n<\/ul>\n<p>inverno:<\/p>\n<ul>\n<li>deposito sci<\/li>\n<li>accesso diretto dal deposito sci alla pista<\/li>\n<li>situato nel centro della zona sciistica Passo Oclini<\/li>\n<li>Skibus al centro del fondo di Lavaz\u00e8 quattro volte al giorno<\/li>\n<\/ul>\n","protected":false},"excerpt":{"rendered":"<p>terrazza con sedie a sdraio per rilassarsi parcogiochi di fronte all&#8217;albergo cartina escursionistica con varie proposte di gite utilizzo della piccola zona sauna (sauna finnlandese, bagno turco e cabina a [&hellip;]<\/p>\n","protected":false},"author":6,"featured_media":0,"parent":980,"menu_order":0,"comment_status":"closed","ping_status":"closed","template":"template-seiten-menu.php","meta":{"_acf_changed":false,"footnotes":""},"class_list":["post-2174","page","type-page","status-publish","hentry"],"acf":[],"yoast_head":"<!-- This site is optimized with the Yoast SEO plugin v26.5 - https:\/\/yoast.com\/wordpress\/plugins\/seo\/ -->\n<title>Servizi inclusi - Hotel Corno Nero - Val di Fiemme &amp; Eggental<\/title>\n<meta name=\"description\" content=\"Hotel Schwarzhorn nelle dolomiti tra Val di Fiemme e Eggental. Servizi compresi nella tua vacanza nell&#039;Alto Adige.Hotel per gruppi.\" \/>\n<meta name=\"robots\" content=\"index, follow, max-snippet:-1, max-image-preview:large, max-video-preview:-1\" \/>\n<link rel=\"canonical\" href=\"https:\/\/schwarzhorn.com\/it\/prezzi-offerta-hotel-corno-nero\/servizi-compresi-hotel-passo-oclini\/\" \/>\n<meta property=\"og:locale\" content=\"it_IT\" \/>\n<meta property=\"og:type\" content=\"article\" \/>\n<meta property=\"og:title\" content=\"Servizi inclusi - Hotel Corno Nero - Val di Fiemme &amp; Eggental\" \/>\n<meta property=\"og:description\" content=\"Hotel Schwarzhorn nelle dolomiti tra Val di Fiemme e Eggental. Servizi compresi nella tua vacanza nell&#039;Alto Adige.Hotel per gruppi.\" \/>\n<meta property=\"og:url\" content=\"https:\/\/schwarzhorn.com\/it\/prezzi-offerta-hotel-corno-nero\/servizi-compresi-hotel-passo-oclini\/\" \/>\n<meta property=\"og:site_name\" content=\"Hotel Schwarzhorn\" \/>\n<meta property=\"article:modified_time\" content=\"2025-02-07T07:16:14+00:00\" \/>\n<meta name=\"twitter:card\" content=\"summary_large_image\" \/>\n<meta name=\"twitter:label1\" content=\"Tempo di lettura stimato\" \/>\n\t<meta name=\"twitter:data1\" content=\"2 minuti\" \/>\n<!-- \/ Yoast SEO plugin. -->","yoast_head_json":{"title":"Servizi inclusi - Hotel Corno Nero - Val di Fiemme & Eggental","description":"Hotel Schwarzhorn nelle dolomiti tra Val di Fiemme e Eggental. Servizi compresi nella tua vacanza nell'Alto Adige.Hotel per gruppi.","robots":{"index":"index","follow":"follow","max-snippet":"max-snippet:-1","max-image-preview":"max-image-preview:large","max-video-preview":"max-video-preview:-1"},"canonical":"https:\/\/schwarzhorn.com\/it\/prezzi-offerta-hotel-corno-nero\/servizi-compresi-hotel-passo-oclini\/","og_locale":"it_IT","og_type":"article","og_title":"Servizi inclusi - Hotel Corno Nero - Val di Fiemme & Eggental","og_description":"Hotel Schwarzhorn nelle dolomiti tra Val di Fiemme e Eggental. Servizi compresi nella tua vacanza nell'Alto Adige.Hotel per gruppi.","og_url":"https:\/\/schwarzhorn.com\/it\/prezzi-offerta-hotel-corno-nero\/servizi-compresi-hotel-passo-oclini\/","og_site_name":"Hotel Schwarzhorn","article_modified_time":"2025-02-07T07:16:14+00:00","twitter_card":"summary_large_image","twitter_misc":{"Tempo di lettura stimato":"2 minuti"},"schema":{"@context":"https:\/\/schema.org","@graph":[{"@type":"WebPage","@id":"https:\/\/schwarzhorn.com\/it\/prezzi-offerta-hotel-corno-nero\/servizi-compresi-hotel-passo-oclini\/","url":"https:\/\/schwarzhorn.com\/it\/prezzi-offerta-hotel-corno-nero\/servizi-compresi-hotel-passo-oclini\/","name":"Servizi inclusi - Hotel Corno Nero - Val di Fiemme & Eggental","isPartOf":{"@id":"https:\/\/schwarzhorn.com\/it\/#website"},"datePublished":"2017-07-13T15:35:48+00:00","dateModified":"2025-02-07T07:16:14+00:00","description":"Hotel Schwarzhorn nelle dolomiti tra Val di Fiemme e Eggental. Servizi compresi nella tua vacanza nell'Alto Adige.Hotel per gruppi.","breadcrumb":{"@id":"https:\/\/schwarzhorn.com\/it\/prezzi-offerta-hotel-corno-nero\/servizi-compresi-hotel-passo-oclini\/#breadcrumb"},"inLanguage":"it-IT","potentialAction":[{"@type":"ReadAction","target":["https:\/\/schwarzhorn.com\/it\/prezzi-offerta-hotel-corno-nero\/servizi-compresi-hotel-passo-oclini\/"]}]},{"@type":"BreadcrumbList","@id":"https:\/\/schwarzhorn.com\/it\/prezzi-offerta-hotel-corno-nero\/servizi-compresi-hotel-passo-oclini\/#breadcrumb","itemListElement":[{"@type":"ListItem","position":1,"name":"Startseite","item":"https:\/\/schwarzhorn.com\/it\/"},{"@type":"ListItem","position":2,"name":"Prezzi &#038; Offerte","item":"https:\/\/schwarzhorn.com\/it\/prezzi-offerta-hotel-corno-nero\/"},{"@type":"ListItem","position":3,"name":"Servizi compresi"}]},{"@type":"WebSite","@id":"https:\/\/schwarzhorn.com\/it\/#website","url":"https:\/\/schwarzhorn.com\/it\/","name":"Hotel Schwarzhorn","description":"","potentialAction":[{"@type":"SearchAction","target":{"@type":"EntryPoint","urlTemplate":"https:\/\/schwarzhorn.com\/it\/?s={search_term_string}"},"query-input":{"@type":"PropertyValueSpecification","valueRequired":true,"valueName":"search_term_string"}}],"inLanguage":"it-IT"}]}},"jetpack_sharing_enabled":true,"_links":{"self":[{"href":"https:\/\/schwarzhorn.com\/it\/wp-json\/wp\/v2\/pages\/2174","targetHints":{"allow":["GET"]}}],"collection":[{"href":"https:\/\/schwarzhorn.com\/it\/wp-json\/wp\/v2\/pages"}],"about":[{"href":"https:\/\/schwarzhorn.com\/it\/wp-json\/wp\/v2\/types\/page"}],"author":[{"embeddable":true,"href":"https:\/\/schwarzhorn.com\/it\/wp-json\/wp\/v2\/users\/6"}],"replies":[{"embeddable":true,"href":"https:\/\/schwarzhorn.com\/it\/wp-json\/wp\/v2\/comments?post=2174"}],"version-history":[{"count":10,"href":"https:\/\/schwarzhorn.com\/it\/wp-json\/wp\/v2\/pages\/2174\/revisions"}],"predecessor-version":[{"id":3488,"href":"https:\/\/schwarzhorn.com\/it\/wp-json\/wp\/v2\/pages\/2174\/revisions\/3488"}],"up":[{"embeddable":true,"href":"https:\/\/schwarzhorn.com\/it\/wp-json\/wp\/v2\/pages\/980"}],"wp:attachment":[{"href":"https:\/\/schwarzhorn.com\/it\/wp-json\/wp\/v2\/media?parent=2174"}],"curies":[{"name":"wp","href":"https:\/\/api.w.org\/{rel}","templated":true}]}}