{"id":3495,"date":"2025-04-05T14:16:00","date_gmt":"2025-04-05T12:16:00","guid":{"rendered":"https:\/\/schwarzhorn.com\/nachhaltigkeit\/"},"modified":"2026-02-09T14:38:41","modified_gmt":"2026-02-09T13:38:41","slug":"nachhaltigkeit","status":"publish","type":"page","link":"https:\/\/schwarzhorn.com\/it\/nachhaltigkeit\/","title":{"rendered":"Unsere Bem\u00fchungen f\u00fcr eine sauberere (Um)Welt"},"content":{"rendered":"<p>Wir lieben unsere Natur, die Landschaft und die Berge \u2013 und genau deshalb liegen uns im Schwarzhorn Umwelt genauso am Herzen wie das Wohlbefinden unserer G\u00e4ste. Seid April 2024 ist das Schwarzhorn Tr\u00e4ger des Nachhaltigkeitslabel S\u00fcdtirol Level 2<br \/>\nUnsere bisherigen Ma\u00dfnahmen haben wir auf dieser Seite f\u00fcr Sie zusammengefasst. Und falls Sie weitere Ideen und Anregungen f\u00fcr uns haben, freuen wir uns, von Ihnen zu h\u00f6ren.<\/p>\n<ul>\n<li>Wir heizen mit erneuerbarer Energie, n\u00e4mlich Hackschnitzel aus den W\u00e4ldern der Umgebung.<\/li>\n<li>Unser Leitungswasser ist bestes Trinkwasser direkt von der Quelle von unserem Hausberg, dem Schwarzhorn\n<ul>\n<li>keine unn\u00f6tigen Transporte von Wasserflaschen<\/li>\n<li>F\u00fcr Hotelg\u00e4ste gibt es im Speiesaal Leitungswasser mit und ohne Kohlens\u00e4ure.<\/li>\n<li>Unsere Lunchpakete enthalten keine Plastikflaschen, jeder kann sich seine, von zu Hause mitgebrachte, Trinkflasche auf dem Zimmer auff\u00fcllen.<\/li>\n<\/ul>\n<\/li>\n<li>Der Verkauf von Plastikflaschen wurde stark reduziert: im Reustaurant f\u00fcr Tagesg\u00e4ste gibt es nur noch Glasflaschen, und in der Bar sind diese nur auf Anfrage erh\u00e4ltlich.<\/li>\n<li>Reduzierung von Plastik(m\u00fcll): in unserer Hausbar gibt es keine Strohhalme und Plastikbecher.<\/li>\n<li>An den Wasserh\u00e4hnen und in den Duschen sind Druckreduzierer eingebaut um den Wasserverbrauch zu senken.<\/li>\n<li>FairTrade-Seife und Duschgel in den Zimmern.<\/li>\n<li>Wir sind kein Wellness-Hotel &#8211;&gt; kein Ressourcenverbrauch mit Schwimmbad oder gro\u00dfer Saunalandschaft<\/li>\n<li>Durch unseren Standort mitten im Skigebiet ist kein Transportmittel zur Skipiste notwendig (kein Skibus oder Privat-Pkw)<\/li>\n<\/ul>\n<p>Bei den Fahrten von Schulklassen und Jugendgruppen gilt auch folgendes:<\/p>\n<ul>\n<li>Anreise mit Reisebussen (45-55 Personen in einem Fahrzeug)<\/li>\n<li>Bettw\u00e4sche &amp; Handt\u00fccher werden gr\u00f6\u00dftenteils von zu Hause mitgebracht<\/li>\n<li>Zimmerreinigung jeden zweiten Tag &#8211;&gt; Reduzierter Einsatz von Reinigungsmittel<\/li>\n<\/ul>\n<p>Unsere Ressourecenverbr\u00e4uche:<br \/>\nWasser: ca.150Lt\/Gast\/Nacht<br \/>\nStrom (Hotel+Skigebiet): 20kWh\/Gast\/Nacht (Achtung: hier ist auch der Strombedarf des Skigebietes, Lift- und Beschneiungsanlage, ber\u00fccksichtigt)<br \/>\nStrom (nur Hotel): 8kWh\/Gast\/Nacht<\/p>\n<p>Zum Vergleich<br \/>\nlaut dem Fitnesscheck 2024 ausgearbeitet Kohl > Partner, die \u00d6sterreichische Hotel- und Tourismusbank (OeHT) und die Prodinger Tourismusberatung ergeben sich f\u00fcr die Hotellerie folgendee ESG-Kennzahlen:<br \/>\nWasserverbrauch (Median): 4-Sterne Hotel: 250-360 Lt\/Gast\/Nacht, 3-Sterne Hotel: 240 Lt\/Gast\/Nacht<br \/>\nStromverbrauch (Median): 4-Sterne Hotel: 18-26 kWh\/Gast\/Nacht, 3-Sterne Hotel: 14 kWh\/Gast\/Nacht<\/p>\n","protected":false},"excerpt":{"rendered":"<p>Wir lieben unsere Natur, die Landschaft und die Berge \u2013 und genau deshalb liegen uns im Schwarzhorn Umwelt genauso am Herzen wie das Wohlbefinden unserer G\u00e4ste. Seid April 2024 ist [&hellip;]<\/p>\n","protected":false},"author":6,"featured_media":0,"parent":0,"menu_order":0,"comment_status":"closed","ping_status":"closed","template":"template-unterseite Menu.php","meta":{"_acf_changed":false,"footnotes":""},"class_list":["post-3495","page","type-page","status-publish","hentry"],"acf":[],"yoast_head":"<!-- This site is optimized with the Yoast SEO plugin v26.5 - https:\/\/yoast.com\/wordpress\/plugins\/seo\/ -->\n<title>Unsere Bem\u00fchungen f\u00fcr eine sauberere (Um)Welt - Hotel Schwarzhorn<\/title>\n<meta name=\"robots\" content=\"index, follow, max-snippet:-1, max-image-preview:large, max-video-preview:-1\" \/>\n<link rel=\"canonical\" href=\"https:\/\/schwarzhorn.com\/it\/nachhaltigkeit\/\" \/>\n<meta property=\"og:locale\" content=\"it_IT\" \/>\n<meta property=\"og:type\" content=\"article\" \/>\n<meta property=\"og:title\" content=\"Unsere Bem\u00fchungen f\u00fcr eine sauberere (Um)Welt - Hotel Schwarzhorn\" \/>\n<meta property=\"og:description\" content=\"Wir lieben unsere Natur, die Landschaft und die Berge \u2013 und genau deshalb liegen uns im Schwarzhorn Umwelt genauso am Herzen wie das Wohlbefinden unserer G\u00e4ste. Seid April 2024 ist [&hellip;]\" \/>\n<meta property=\"og:url\" content=\"https:\/\/schwarzhorn.com\/it\/nachhaltigkeit\/\" \/>\n<meta property=\"og:site_name\" content=\"Hotel Schwarzhorn\" \/>\n<meta property=\"article:modified_time\" content=\"2026-02-09T13:38:41+00:00\" \/>\n<meta name=\"twitter:card\" content=\"summary_large_image\" \/>\n<meta name=\"twitter:label1\" content=\"Tempo di lettura stimato\" \/>\n\t<meta name=\"twitter:data1\" content=\"2 minuti\" \/>\n<!-- \/ Yoast SEO plugin. -->","yoast_head_json":{"title":"Unsere Bem\u00fchungen f\u00fcr eine sauberere (Um)Welt - Hotel Schwarzhorn","robots":{"index":"index","follow":"follow","max-snippet":"max-snippet:-1","max-image-preview":"max-image-preview:large","max-video-preview":"max-video-preview:-1"},"canonical":"https:\/\/schwarzhorn.com\/it\/nachhaltigkeit\/","og_locale":"it_IT","og_type":"article","og_title":"Unsere Bem\u00fchungen f\u00fcr eine sauberere (Um)Welt - Hotel Schwarzhorn","og_description":"Wir lieben unsere Natur, die Landschaft und die Berge \u2013 und genau deshalb liegen uns im Schwarzhorn Umwelt genauso am Herzen wie das Wohlbefinden unserer G\u00e4ste. Seid April 2024 ist [&hellip;]","og_url":"https:\/\/schwarzhorn.com\/it\/nachhaltigkeit\/","og_site_name":"Hotel Schwarzhorn","article_modified_time":"2026-02-09T13:38:41+00:00","twitter_card":"summary_large_image","twitter_misc":{"Tempo di lettura stimato":"2 minuti"},"schema":{"@context":"https:\/\/schema.org","@graph":[{"@type":"WebPage","@id":"https:\/\/schwarzhorn.com\/it\/nachhaltigkeit\/","url":"https:\/\/schwarzhorn.com\/it\/nachhaltigkeit\/","name":"Unsere Bem\u00fchungen f\u00fcr eine sauberere (Um)Welt - Hotel Schwarzhorn","isPartOf":{"@id":"https:\/\/schwarzhorn.com\/it\/#website"},"datePublished":"2025-04-05T12:16:00+00:00","dateModified":"2026-02-09T13:38:41+00:00","breadcrumb":{"@id":"https:\/\/schwarzhorn.com\/it\/nachhaltigkeit\/#breadcrumb"},"inLanguage":"it-IT","potentialAction":[{"@type":"ReadAction","target":["https:\/\/schwarzhorn.com\/it\/nachhaltigkeit\/"]}]},{"@type":"BreadcrumbList","@id":"https:\/\/schwarzhorn.com\/it\/nachhaltigkeit\/#breadcrumb","itemListElement":[{"@type":"ListItem","position":1,"name":"Startseite","item":"https:\/\/schwarzhorn.com\/it\/"},{"@type":"ListItem","position":2,"name":"Unsere Bem\u00fchungen f\u00fcr eine sauberere (Um)Welt"}]},{"@type":"WebSite","@id":"https:\/\/schwarzhorn.com\/it\/#website","url":"https:\/\/schwarzhorn.com\/it\/","name":"Hotel Schwarzhorn","description":"","potentialAction":[{"@type":"SearchAction","target":{"@type":"EntryPoint","urlTemplate":"https:\/\/schwarzhorn.com\/it\/?s={search_term_string}"},"query-input":{"@type":"PropertyValueSpecification","valueRequired":true,"valueName":"search_term_string"}}],"inLanguage":"it-IT"}]}},"jetpack_sharing_enabled":true,"_links":{"self":[{"href":"https:\/\/schwarzhorn.com\/it\/wp-json\/wp\/v2\/pages\/3495","targetHints":{"allow":["GET"]}}],"collection":[{"href":"https:\/\/schwarzhorn.com\/it\/wp-json\/wp\/v2\/pages"}],"about":[{"href":"https:\/\/schwarzhorn.com\/it\/wp-json\/wp\/v2\/types\/page"}],"author":[{"embeddable":true,"href":"https:\/\/schwarzhorn.com\/it\/wp-json\/wp\/v2\/users\/6"}],"replies":[{"embeddable":true,"href":"https:\/\/schwarzhorn.com\/it\/wp-json\/wp\/v2\/comments?post=3495"}],"version-history":[{"count":7,"href":"https:\/\/schwarzhorn.com\/it\/wp-json\/wp\/v2\/pages\/3495\/revisions"}],"predecessor-version":[{"id":3581,"href":"https:\/\/schwarzhorn.com\/it\/wp-json\/wp\/v2\/pages\/3495\/revisions\/3581"}],"wp:attachment":[{"href":"https:\/\/schwarzhorn.com\/it\/wp-json\/wp\/v2\/media?parent=3495"}],"curies":[{"name":"wp","href":"https:\/\/api.w.org\/{rel}","templated":true}]}}